{"id":28462,"date":"2024-02-28T13:58:12","date_gmt":"2024-02-28T13:58:12","guid":{"rendered":"https:\/\/themeravigliamagazine.com\/?page_id=28462"},"modified":"2025-01-28T14:22:50","modified_gmt":"2025-01-28T14:22:50","slug":"comite-de-editorial","status":"publish","type":"page","link":"https:\/\/themeravigliamagazine.com\/fr\/comite-de-editorial\/","title":{"rendered":"Comit\u00e9 de \u00e9ditorial"},"content":{"rendered":"\t\t<div data-elementor-type=\"wp-page\" data-elementor-id=\"28462\" class=\"elementor elementor-28462\">\n\t\t\t\t\t\t<section class=\"elementor-section elementor-top-section elementor-element elementor-element-d347322 absolute elementor-section-boxed elementor-section-height-default elementor-section-height-default qodef-elementor-content-no\" data-id=\"d347322\" data-element_type=\"section\">\n\t\t\t\t\t\t<div class=\"elementor-container elementor-column-gap-default\">\n\t\t\t\t\t<div class=\"elementor-column elementor-col-50 elementor-top-column elementor-element elementor-element-0c5539f shape\" data-id=\"0c5539f\" data-element_type=\"column\">\n\t\t\t<div class=\"elementor-widget-wrap\">\n\t\t\t\t\t\t\t<\/div>\n\t\t<\/div>\n\t\t\t\t<div class=\"elementor-column elementor-col-50 elementor-top-column elementor-element elementor-element-e8166f5 shape1\" data-id=\"e8166f5\" data-element_type=\"column\">\n\t\t\t<div class=\"elementor-widget-wrap\">\n\t\t\t\t\t\t\t<\/div>\n\t\t<\/div>\n\t\t\t\t\t<\/div>\n\t\t<\/section>\n\t\t\t\t<section class=\"elementor-section elementor-top-section elementor-element elementor-element-42a1a8b elementor-section-full_width section-editorial elementor-section-height-default elementor-section-height-default qodef-elementor-content-no\" data-id=\"42a1a8b\" data-element_type=\"section\" data-settings=\"{&quot;background_background&quot;:&quot;classic&quot;}\">\n\t\t\t\t\t\t<div class=\"elementor-container elementor-column-gap-default\">\n\t\t\t\t\t<div class=\"elementor-column elementor-col-100 elementor-top-column elementor-element elementor-element-25df23c\" data-id=\"25df23c\" data-element_type=\"column\">\n\t\t\t<div class=\"elementor-widget-wrap elementor-element-populated\">\n\t\t\t\t\t\t<section class=\"elementor-section elementor-inner-section elementor-element elementor-element-6926090 elementor-section-full_width elementor-section-height-min-height elementor-section-height-default qodef-elementor-content-no\" data-id=\"6926090\" data-element_type=\"section\">\n\t\t\t\t\t\t<div class=\"elementor-container elementor-column-gap-default\">\n\t\t\t\t\t<div class=\"elementor-column elementor-col-33 elementor-inner-column elementor-element elementor-element-c5587c5\" data-id=\"c5587c5\" data-element_type=\"column\">\n\t\t\t<div class=\"elementor-widget-wrap elementor-element-populated\">\n\t\t\t\t\t\t<div class=\"elementor-element elementor-element-a627db2 elementor-widget elementor-widget-heading\" data-id=\"a627db2\" data-element_type=\"widget\" data-widget_type=\"heading.default\">\n\t\t\t\t<div class=\"elementor-widget-container\">\n\t\t\t\t\t<h2 class=\"elementor-heading-title elementor-size-default\">EDITORial <br>board<\/h2>\t\t\t\t<\/div>\n\t\t\t\t<\/div>\n\t\t\t\t\t<\/div>\n\t\t<\/div>\n\t\t\t\t<div class=\"elementor-column elementor-col-33 elementor-inner-column elementor-element elementor-element-04e20d0\" data-id=\"04e20d0\" data-element_type=\"column\">\n\t\t\t<div class=\"elementor-widget-wrap elementor-element-populated\">\n\t\t\t\t\t\t<div class=\"elementor-element elementor-element-a5a45ea elementor-widget__width-inherit elementor-widget elementor-widget-heading\" data-id=\"a5a45ea\" data-element_type=\"widget\" data-widget_type=\"heading.default\">\n\t\t\t\t<div class=\"elementor-widget-container\">\n\t\t\t\t\t<h3 class=\"elementor-heading-title elementor-size-default\">La voce di The MRV \u00e8 un coro che celebra tutte le nostre e le vostre idee<\/h3>\t\t\t\t<\/div>\n\t\t\t\t<\/div>\n\t\t\t\t\t<\/div>\n\t\t<\/div>\n\t\t\t\t<div class=\"elementor-column elementor-col-33 elementor-inner-column elementor-element elementor-element-a24280d elementor-hidden-tablet elementor-hidden-mobile\" data-id=\"a24280d\" data-element_type=\"column\">\n\t\t\t<div class=\"elementor-widget-wrap\">\n\t\t\t\t\t\t\t<\/div>\n\t\t<\/div>\n\t\t\t\t\t<\/div>\n\t\t<\/section>\n\t\t\t\t<section class=\"elementor-section elementor-inner-section elementor-element elementor-element-ff74294 elementor-section-full_width elementor-section-height-default elementor-section-height-default qodef-elementor-content-no\" data-id=\"ff74294\" data-element_type=\"section\">\n\t\t\t\t\t\t<div class=\"elementor-container elementor-column-gap-default\">\n\t\t\t\t\t<div class=\"elementor-column elementor-col-50 elementor-inner-column elementor-element elementor-element-68c1fd4\" data-id=\"68c1fd4\" data-element_type=\"column\">\n\t\t\t<div class=\"elementor-widget-wrap elementor-element-populated\">\n\t\t\t\t\t\t<div class=\"elementor-element elementor-element-6118e3c star elementor-widget elementor-widget-image\" data-id=\"6118e3c\" data-element_type=\"widget\" data-widget_type=\"image.default\">\n\t\t\t\t<div class=\"elementor-widget-container\">\n\t\t\t\t\t\t\t\t\t\t\t\t\t\t\t\t<a href=\"https:\/\/themeravigliamagazine.com\/fr\/arianna-pietrostefani\/\">\n\t\t\t\t\t\t\t<img fetchpriority=\"high\" decoding=\"async\" width=\"700\" height=\"700\" src=\"https:\/\/themeravigliamagazine.com\/wp-content\/uploads\/2023\/07\/Arianna.jpg\" class=\"elementor-animation-grow attachment-full size-full wp-image-11087\" alt=\"\" srcset=\"https:\/\/themeravigliamagazine.com\/wp-content\/uploads\/2023\/07\/Arianna.jpg 700w, https:\/\/themeravigliamagazine.com\/wp-content\/uploads\/2023\/07\/Arianna-300x300.jpg 300w, https:\/\/themeravigliamagazine.com\/wp-content\/uploads\/2023\/07\/Arianna-100x100.jpg 100w, https:\/\/themeravigliamagazine.com\/wp-content\/uploads\/2023\/07\/Arianna-600x600.jpg 600w, https:\/\/themeravigliamagazine.com\/wp-content\/uploads\/2023\/07\/Arianna-150x150.jpg 150w, https:\/\/themeravigliamagazine.com\/wp-content\/uploads\/2023\/07\/Arianna-650x650.jpg 650w\" sizes=\"(max-width: 700px) 100vw, 700px\" \/>\t\t\t\t\t\t\t\t<\/a>\n\t\t\t\t\t\t\t\t\t\t\t\t\t\t\t<\/div>\n\t\t\t\t<\/div>\n\t\t\t\t<div class=\"elementor-element elementor-element-2a57864 elementor-widget elementor-widget-heading\" data-id=\"2a57864\" data-element_type=\"widget\" data-widget_type=\"heading.default\">\n\t\t\t\t<div class=\"elementor-widget-container\">\n\t\t\t\t\t<h4 class=\"elementor-heading-title elementor-size-default\"><a href=\"https:\/\/themeravigliamagazine.com\/fr\/arianna-pietrostefani\/\">Arianna Pietrostefani<\/a><\/h4>\t\t\t\t<\/div>\n\t\t\t\t<\/div>\n\t\t\t\t\t<\/div>\n\t\t<\/div>\n\t\t\t\t<div class=\"elementor-column elementor-col-50 elementor-inner-column elementor-element elementor-element-24bf71f\" data-id=\"24bf71f\" data-element_type=\"column\">\n\t\t\t<div class=\"elementor-widget-wrap elementor-element-populated\">\n\t\t\t\t\t\t<div class=\"elementor-element elementor-element-f746130 star elementor-widget elementor-widget-image\" data-id=\"f746130\" data-element_type=\"widget\" data-widget_type=\"image.default\">\n\t\t\t\t<div class=\"elementor-widget-container\">\n\t\t\t\t\t\t\t\t\t\t\t\t\t\t\t\t<a href=\"https:\/\/themeravigliamagazine.com\/veronica-mazziotta\/\">\n\t\t\t\t\t\t\t<img decoding=\"async\" width=\"938\" height=\"938\" src=\"https:\/\/themeravigliamagazine.com\/wp-content\/uploads\/2024\/02\/Veronica_Mazziotta-2.jpg\" class=\"elementor-animation-grow attachment-full size-full wp-image-24691\" alt=\"\" srcset=\"https:\/\/themeravigliamagazine.com\/wp-content\/uploads\/2024\/02\/Veronica_Mazziotta-2.jpg 938w, https:\/\/themeravigliamagazine.com\/wp-content\/uploads\/2024\/02\/Veronica_Mazziotta-2-300x300.jpg 300w, https:\/\/themeravigliamagazine.com\/wp-content\/uploads\/2024\/02\/Veronica_Mazziotta-2-150x150.jpg 150w, https:\/\/themeravigliamagazine.com\/wp-content\/uploads\/2024\/02\/Veronica_Mazziotta-2-768x768.jpg 768w, https:\/\/themeravigliamagazine.com\/wp-content\/uploads\/2024\/02\/Veronica_Mazziotta-2-650x650.jpg 650w, https:\/\/themeravigliamagazine.com\/wp-content\/uploads\/2024\/02\/Veronica_Mazziotta-2-600x600.jpg 600w, https:\/\/themeravigliamagazine.com\/wp-content\/uploads\/2024\/02\/Veronica_Mazziotta-2-100x100.jpg 100w\" sizes=\"(max-width: 938px) 100vw, 938px\" \/>\t\t\t\t\t\t\t\t<\/a>\n\t\t\t\t\t\t\t\t\t\t\t\t\t\t\t<\/div>\n\t\t\t\t<\/div>\n\t\t\t\t<div class=\"elementor-element elementor-element-b6f1a2c elementor-widget elementor-widget-heading\" data-id=\"b6f1a2c\" data-element_type=\"widget\" data-widget_type=\"heading.default\">\n\t\t\t\t<div class=\"elementor-widget-container\">\n\t\t\t\t\t<h4 class=\"elementor-heading-title elementor-size-default\"><a href=\"https:\/\/themeravigliamagazine.com\/veronica-mazziotta\/\">veronica mazziotta<\/a><\/h4>\t\t\t\t<\/div>\n\t\t\t\t<\/div>\n\t\t\t\t\t<\/div>\n\t\t<\/div>\n\t\t\t\t\t<\/div>\n\t\t<\/section>\n\t\t\t\t<section class=\"elementor-section elementor-inner-section elementor-element elementor-element-96c48f4 elementor-section-full_width elementor-section-height-default elementor-section-height-default qodef-elementor-content-no\" data-id=\"96c48f4\" data-element_type=\"section\">\n\t\t\t\t\t\t<div class=\"elementor-container elementor-column-gap-default\">\n\t\t\t\t\t<div class=\"elementor-column elementor-col-33 elementor-inner-column elementor-element elementor-element-536d7ef\" data-id=\"536d7ef\" data-element_type=\"column\">\n\t\t\t<div class=\"elementor-widget-wrap elementor-element-populated\">\n\t\t\t\t\t\t<div class=\"elementor-element elementor-element-3af577a star elementor-widget elementor-widget-image\" data-id=\"3af577a\" data-element_type=\"widget\" data-widget_type=\"image.default\">\n\t\t\t\t<div class=\"elementor-widget-container\">\n\t\t\t\t\t\t\t\t\t\t\t\t\t\t\t\t<a href=\"https:\/\/themeravigliamagazine.com\/enrica-murru\/\">\n\t\t\t\t\t\t\t<img decoding=\"async\" width=\"938\" height=\"938\" src=\"https:\/\/themeravigliamagazine.com\/wp-content\/uploads\/2024\/02\/Enrica-EDIT-1.jpg\" class=\"elementor-animation-grow attachment-full size-full wp-image-24706\" alt=\"\" srcset=\"https:\/\/themeravigliamagazine.com\/wp-content\/uploads\/2024\/02\/Enrica-EDIT-1.jpg 938w, https:\/\/themeravigliamagazine.com\/wp-content\/uploads\/2024\/02\/Enrica-EDIT-1-300x300.jpg 300w, https:\/\/themeravigliamagazine.com\/wp-content\/uploads\/2024\/02\/Enrica-EDIT-1-150x150.jpg 150w, https:\/\/themeravigliamagazine.com\/wp-content\/uploads\/2024\/02\/Enrica-EDIT-1-768x768.jpg 768w, https:\/\/themeravigliamagazine.com\/wp-content\/uploads\/2024\/02\/Enrica-EDIT-1-650x650.jpg 650w, https:\/\/themeravigliamagazine.com\/wp-content\/uploads\/2024\/02\/Enrica-EDIT-1-600x600.jpg 600w, https:\/\/themeravigliamagazine.com\/wp-content\/uploads\/2024\/02\/Enrica-EDIT-1-100x100.jpg 100w\" sizes=\"(max-width: 938px) 100vw, 938px\" \/>\t\t\t\t\t\t\t\t<\/a>\n\t\t\t\t\t\t\t\t\t\t\t\t\t\t\t<\/div>\n\t\t\t\t<\/div>\n\t\t\t\t<div class=\"elementor-element elementor-element-d60e217 elementor-widget elementor-widget-heading\" data-id=\"d60e217\" data-element_type=\"widget\" data-widget_type=\"heading.default\">\n\t\t\t\t<div class=\"elementor-widget-container\">\n\t\t\t\t\t<h4 class=\"elementor-heading-title elementor-size-default\"><a href=\"https:\/\/themeravigliamagazine.com\/enrica-murru\/\">Enrica  Murru<\/a><\/h4>\t\t\t\t<\/div>\n\t\t\t\t<\/div>\n\t\t\t\t\t<\/div>\n\t\t<\/div>\n\t\t\t\t<div class=\"elementor-column elementor-col-33 elementor-inner-column elementor-element elementor-element-3a3faac\" data-id=\"3a3faac\" data-element_type=\"column\">\n\t\t\t<div class=\"elementor-widget-wrap elementor-element-populated\">\n\t\t\t\t\t\t<div class=\"elementor-element elementor-element-38c6fa3 star elementor-widget elementor-widget-image\" data-id=\"38c6fa3\" data-element_type=\"widget\" data-widget_type=\"image.default\">\n\t\t\t\t<div class=\"elementor-widget-container\">\n\t\t\t\t\t\t\t\t\t\t\t\t\t\t\t\t<a href=\"https:\/\/themeravigliamagazine.com\/valeria-ribaldi\/\">\n\t\t\t\t\t\t\t<img loading=\"lazy\" decoding=\"async\" width=\"936\" height=\"936\" src=\"https:\/\/themeravigliamagazine.com\/wp-content\/uploads\/2024\/03\/valeria.jpg\" class=\"elementor-animation-grow attachment-full size-full wp-image-25106\" alt=\"\" srcset=\"https:\/\/themeravigliamagazine.com\/wp-content\/uploads\/2024\/03\/valeria.jpg 936w, https:\/\/themeravigliamagazine.com\/wp-content\/uploads\/2024\/03\/valeria-300x300.jpg 300w, https:\/\/themeravigliamagazine.com\/wp-content\/uploads\/2024\/03\/valeria-150x150.jpg 150w, https:\/\/themeravigliamagazine.com\/wp-content\/uploads\/2024\/03\/valeria-768x768.jpg 768w, https:\/\/themeravigliamagazine.com\/wp-content\/uploads\/2024\/03\/valeria-650x650.jpg 650w, https:\/\/themeravigliamagazine.com\/wp-content\/uploads\/2024\/03\/valeria-600x600.jpg 600w, https:\/\/themeravigliamagazine.com\/wp-content\/uploads\/2024\/03\/valeria-100x100.jpg 100w\" sizes=\"(max-width: 936px) 100vw, 936px\" \/>\t\t\t\t\t\t\t\t<\/a>\n\t\t\t\t\t\t\t\t\t\t\t\t\t\t\t<\/div>\n\t\t\t\t<\/div>\n\t\t\t\t<div class=\"elementor-element elementor-element-ec51f94 elementor-widget elementor-widget-heading\" data-id=\"ec51f94\" data-element_type=\"widget\" data-widget_type=\"heading.default\">\n\t\t\t\t<div class=\"elementor-widget-container\">\n\t\t\t\t\t<h4 class=\"elementor-heading-title elementor-size-default\"><a href=\"https:\/\/themeravigliamagazine.com\/valeria-ribaldi\/\">Valeria Ribaldi<\/a><\/h4>\t\t\t\t<\/div>\n\t\t\t\t<\/div>\n\t\t\t\t\t<\/div>\n\t\t<\/div>\n\t\t\t\t<div class=\"elementor-column elementor-col-33 elementor-inner-column elementor-element elementor-element-cb46d84\" data-id=\"cb46d84\" data-element_type=\"column\">\n\t\t\t<div class=\"elementor-widget-wrap elementor-element-populated\">\n\t\t\t\t\t\t<div class=\"elementor-element elementor-element-89bc212 star elementor-widget elementor-widget-image\" data-id=\"89bc212\" data-element_type=\"widget\" data-widget_type=\"image.default\">\n\t\t\t\t<div class=\"elementor-widget-container\">\n\t\t\t\t\t\t\t\t\t\t\t\t\t\t\t\t<a href=\"https:\/\/themeravigliamagazine.com\/francesca-russano\/\">\n\t\t\t\t\t\t\t<img loading=\"lazy\" decoding=\"async\" width=\"938\" height=\"938\" src=\"https:\/\/themeravigliamagazine.com\/wp-content\/uploads\/2024\/02\/Francesca-R-1.jpg\" class=\"elementor-animation-grow attachment-full size-full wp-image-24688\" alt=\"\" srcset=\"https:\/\/themeravigliamagazine.com\/wp-content\/uploads\/2024\/02\/Francesca-R-1.jpg 938w, https:\/\/themeravigliamagazine.com\/wp-content\/uploads\/2024\/02\/Francesca-R-1-300x300.jpg 300w, https:\/\/themeravigliamagazine.com\/wp-content\/uploads\/2024\/02\/Francesca-R-1-150x150.jpg 150w, https:\/\/themeravigliamagazine.com\/wp-content\/uploads\/2024\/02\/Francesca-R-1-768x768.jpg 768w, https:\/\/themeravigliamagazine.com\/wp-content\/uploads\/2024\/02\/Francesca-R-1-650x650.jpg 650w, https:\/\/themeravigliamagazine.com\/wp-content\/uploads\/2024\/02\/Francesca-R-1-600x600.jpg 600w, https:\/\/themeravigliamagazine.com\/wp-content\/uploads\/2024\/02\/Francesca-R-1-100x100.jpg 100w\" sizes=\"(max-width: 938px) 100vw, 938px\" \/>\t\t\t\t\t\t\t\t<\/a>\n\t\t\t\t\t\t\t\t\t\t\t\t\t\t\t<\/div>\n\t\t\t\t<\/div>\n\t\t\t\t<div class=\"elementor-element elementor-element-56667c2 elementor-widget elementor-widget-heading\" data-id=\"56667c2\" data-element_type=\"widget\" data-widget_type=\"heading.default\">\n\t\t\t\t<div class=\"elementor-widget-container\">\n\t\t\t\t\t<h4 class=\"elementor-heading-title elementor-size-default\"><a href=\"https:\/\/themeravigliamagazine.com\/francesca-russano\/\">francesca russano<\/a><\/h4>\t\t\t\t<\/div>\n\t\t\t\t<\/div>\n\t\t\t\t\t<\/div>\n\t\t<\/div>\n\t\t\t\t\t<\/div>\n\t\t<\/section>\n\t\t\t\t\t<\/div>\n\t\t<\/div>\n\t\t\t\t\t<\/div>\n\t\t<\/section>\n\t\t\t\t<\/div>\n\t\t","protected":false},"excerpt":{"rendered":"<p>EDITORial board La voce di The MRV \u00e8 un coro che celebra tutte le nostre e le vostre idee Arianna Pietrostefani veronica mazziotta Enrica Murru Valeria Ribaldi francesca russano<\/p>\n","protected":false},"author":4,"featured_media":0,"parent":0,"menu_order":0,"comment_status":"closed","ping_status":"closed","template":"page-full-width.php","meta":{"inline_featured_image":false,"footnotes":""},"class_list":["post-28462","page","type-page","status-publish","hentry"],"yoast_head":"<!-- This site is optimized with the Yoast SEO plugin v26.0 - https:\/\/yoast.com\/wordpress\/plugins\/seo\/ -->\n<title>Comit\u00e9 de \u00e9ditorial - The Meraviglia Magazine<\/title>\n<meta name=\"robots\" content=\"index, follow, max-snippet:-1, max-image-preview:large, max-video-preview:-1\" \/>\n<link rel=\"canonical\" href=\"https:\/\/themeravigliamagazine.com\/editorial-board\/\" \/>\n<meta property=\"og:locale\" content=\"fr_FR\" \/>\n<meta property=\"og:type\" content=\"article\" \/>\n<meta property=\"og:title\" content=\"Comit\u00e9 de \u00e9ditorial - The Meraviglia Magazine\" \/>\n<meta property=\"og:description\" content=\"EDITORial board La voce di The MRV \u00e8 un coro che celebra tutte le nostre e le vostre idee Arianna Pietrostefani veronica mazziotta Enrica Murru Valeria Ribaldi francesca russano\" \/>\n<meta property=\"og:url\" content=\"https:\/\/themeravigliamagazine.com\/editorial-board\/\" \/>\n<meta property=\"og:site_name\" content=\"The Meraviglia Magazine\" \/>\n<meta property=\"article:publisher\" content=\"https:\/\/www.facebook.com\/themeraviglia\" \/>\n<meta property=\"article:modified_time\" content=\"2025-01-28T14:22:50+00:00\" \/>\n<meta property=\"og:image\" content=\"https:\/\/themeravigliamagazine.com\/wp-content\/uploads\/2023\/07\/Arianna.jpg\" \/>\n\t<meta property=\"og:image:width\" content=\"700\" \/>\n\t<meta property=\"og:image:height\" content=\"700\" \/>\n\t<meta property=\"og:image:type\" content=\"image\/jpeg\" \/>\n<meta name=\"twitter:card\" content=\"summary_large_image\" \/>\n<meta name=\"twitter:label1\" content=\"Dur\u00e9e de lecture estim\u00e9e\" \/>\n\t<meta name=\"twitter:data1\" content=\"2 minutes\" \/>\n<script type=\"application\/ld+json\" class=\"yoast-schema-graph\">{\"@context\":\"https:\/\/schema.org\",\"@graph\":[{\"@type\":\"WebPage\",\"@id\":\"https:\/\/themeravigliamagazine.com\/editorial-board\/\",\"url\":\"https:\/\/themeravigliamagazine.com\/editorial-board\/\",\"name\":\"Comit\u00e9 de \u00e9ditorial - The Meraviglia Magazine\",\"isPartOf\":{\"@id\":\"https:\/\/themeravigliamagazine.com\/#website\"},\"primaryImageOfPage\":{\"@id\":\"https:\/\/themeravigliamagazine.com\/editorial-board\/#primaryimage\"},\"image\":{\"@id\":\"https:\/\/themeravigliamagazine.com\/editorial-board\/#primaryimage\"},\"thumbnailUrl\":\"https:\/\/themeravigliamagazine.com\/wp-content\/uploads\/2023\/07\/Arianna.jpg\",\"datePublished\":\"2024-02-28T13:58:12+00:00\",\"dateModified\":\"2025-01-28T14:22:50+00:00\",\"breadcrumb\":{\"@id\":\"https:\/\/themeravigliamagazine.com\/editorial-board\/#breadcrumb\"},\"inLanguage\":\"fr-FR\",\"potentialAction\":[{\"@type\":\"ReadAction\",\"target\":[\"https:\/\/themeravigliamagazine.com\/editorial-board\/\"]}]},{\"@type\":\"ImageObject\",\"inLanguage\":\"fr-FR\",\"@id\":\"https:\/\/themeravigliamagazine.com\/editorial-board\/#primaryimage\",\"url\":\"https:\/\/themeravigliamagazine.com\/wp-content\/uploads\/2023\/07\/Arianna.jpg\",\"contentUrl\":\"https:\/\/themeravigliamagazine.com\/wp-content\/uploads\/2023\/07\/Arianna.jpg\"},{\"@type\":\"BreadcrumbList\",\"@id\":\"https:\/\/themeravigliamagazine.com\/editorial-board\/#breadcrumb\",\"itemListElement\":[{\"@type\":\"ListItem\",\"position\":1,\"name\":\"Home\",\"item\":\"https:\/\/themeravigliamagazine.com\/\"},{\"@type\":\"ListItem\",\"position\":2,\"name\":\"Comit\u00e9 de \u00e9ditorial\"}]},{\"@type\":\"WebSite\",\"@id\":\"https:\/\/themeravigliamagazine.com\/#website\",\"url\":\"https:\/\/themeravigliamagazine.com\/\",\"name\":\"The Meraviglia Magazine\",\"description\":\"\",\"publisher\":{\"@id\":\"https:\/\/themeravigliamagazine.com\/#organization\"},\"potentialAction\":[{\"@type\":\"SearchAction\",\"target\":{\"@type\":\"EntryPoint\",\"urlTemplate\":\"https:\/\/themeravigliamagazine.com\/?s={search_term_string}\"},\"query-input\":{\"@type\":\"PropertyValueSpecification\",\"valueRequired\":true,\"valueName\":\"search_term_string\"}}],\"inLanguage\":\"fr-FR\"},{\"@type\":\"Organization\",\"@id\":\"https:\/\/themeravigliamagazine.com\/#organization\",\"name\":\"The Meraviglia Magazine\",\"url\":\"https:\/\/themeravigliamagazine.com\/\",\"logo\":{\"@type\":\"ImageObject\",\"inLanguage\":\"fr-FR\",\"@id\":\"https:\/\/themeravigliamagazine.com\/#\/schema\/logo\/image\/\",\"url\":\"https:\/\/themeravigliamagazine.com\/wp-content\/uploads\/2025\/03\/Immagine-WhatsApp-2025-03-31-ore-12.32.31_fdf28acd.jpg\",\"contentUrl\":\"https:\/\/themeravigliamagazine.com\/wp-content\/uploads\/2025\/03\/Immagine-WhatsApp-2025-03-31-ore-12.32.31_fdf28acd.jpg\",\"width\":1600,\"height\":621,\"caption\":\"The Meraviglia Magazine\"},\"image\":{\"@id\":\"https:\/\/themeravigliamagazine.com\/#\/schema\/logo\/image\/\"},\"sameAs\":[\"https:\/\/www.facebook.com\/themeraviglia\"]}]}<\/script>\n<!-- \/ Yoast SEO plugin. -->","yoast_head_json":{"title":"Comit\u00e9 de \u00e9ditorial - The Meraviglia Magazine","robots":{"index":"index","follow":"follow","max-snippet":"max-snippet:-1","max-image-preview":"max-image-preview:large","max-video-preview":"max-video-preview:-1"},"canonical":"https:\/\/themeravigliamagazine.com\/editorial-board\/","og_locale":"fr_FR","og_type":"article","og_title":"Comit\u00e9 de \u00e9ditorial - The Meraviglia Magazine","og_description":"EDITORial board La voce di The MRV \u00e8 un coro che celebra tutte le nostre e le vostre idee Arianna Pietrostefani veronica mazziotta Enrica Murru Valeria Ribaldi francesca russano","og_url":"https:\/\/themeravigliamagazine.com\/editorial-board\/","og_site_name":"The Meraviglia Magazine","article_publisher":"https:\/\/www.facebook.com\/themeraviglia","article_modified_time":"2025-01-28T14:22:50+00:00","og_image":[{"width":700,"height":700,"url":"https:\/\/themeravigliamagazine.com\/wp-content\/uploads\/2023\/07\/Arianna.jpg","type":"image\/jpeg"}],"twitter_card":"summary_large_image","twitter_misc":{"Dur\u00e9e de lecture estim\u00e9e":"2 minutes"},"schema":{"@context":"https:\/\/schema.org","@graph":[{"@type":"WebPage","@id":"https:\/\/themeravigliamagazine.com\/editorial-board\/","url":"https:\/\/themeravigliamagazine.com\/editorial-board\/","name":"Comit\u00e9 de \u00e9ditorial - The Meraviglia Magazine","isPartOf":{"@id":"https:\/\/themeravigliamagazine.com\/#website"},"primaryImageOfPage":{"@id":"https:\/\/themeravigliamagazine.com\/editorial-board\/#primaryimage"},"image":{"@id":"https:\/\/themeravigliamagazine.com\/editorial-board\/#primaryimage"},"thumbnailUrl":"https:\/\/themeravigliamagazine.com\/wp-content\/uploads\/2023\/07\/Arianna.jpg","datePublished":"2024-02-28T13:58:12+00:00","dateModified":"2025-01-28T14:22:50+00:00","breadcrumb":{"@id":"https:\/\/themeravigliamagazine.com\/editorial-board\/#breadcrumb"},"inLanguage":"fr-FR","potentialAction":[{"@type":"ReadAction","target":["https:\/\/themeravigliamagazine.com\/editorial-board\/"]}]},{"@type":"ImageObject","inLanguage":"fr-FR","@id":"https:\/\/themeravigliamagazine.com\/editorial-board\/#primaryimage","url":"https:\/\/themeravigliamagazine.com\/wp-content\/uploads\/2023\/07\/Arianna.jpg","contentUrl":"https:\/\/themeravigliamagazine.com\/wp-content\/uploads\/2023\/07\/Arianna.jpg"},{"@type":"BreadcrumbList","@id":"https:\/\/themeravigliamagazine.com\/editorial-board\/#breadcrumb","itemListElement":[{"@type":"ListItem","position":1,"name":"Home","item":"https:\/\/themeravigliamagazine.com\/"},{"@type":"ListItem","position":2,"name":"Comit\u00e9 de \u00e9ditorial"}]},{"@type":"WebSite","@id":"https:\/\/themeravigliamagazine.com\/#website","url":"https:\/\/themeravigliamagazine.com\/","name":"The Meraviglia Magazine","description":"","publisher":{"@id":"https:\/\/themeravigliamagazine.com\/#organization"},"potentialAction":[{"@type":"SearchAction","target":{"@type":"EntryPoint","urlTemplate":"https:\/\/themeravigliamagazine.com\/?s={search_term_string}"},"query-input":{"@type":"PropertyValueSpecification","valueRequired":true,"valueName":"search_term_string"}}],"inLanguage":"fr-FR"},{"@type":"Organization","@id":"https:\/\/themeravigliamagazine.com\/#organization","name":"The Meraviglia Magazine","url":"https:\/\/themeravigliamagazine.com\/","logo":{"@type":"ImageObject","inLanguage":"fr-FR","@id":"https:\/\/themeravigliamagazine.com\/#\/schema\/logo\/image\/","url":"https:\/\/themeravigliamagazine.com\/wp-content\/uploads\/2025\/03\/Immagine-WhatsApp-2025-03-31-ore-12.32.31_fdf28acd.jpg","contentUrl":"https:\/\/themeravigliamagazine.com\/wp-content\/uploads\/2025\/03\/Immagine-WhatsApp-2025-03-31-ore-12.32.31_fdf28acd.jpg","width":1600,"height":621,"caption":"The Meraviglia Magazine"},"image":{"@id":"https:\/\/themeravigliamagazine.com\/#\/schema\/logo\/image\/"},"sameAs":["https:\/\/www.facebook.com\/themeraviglia"]}]}},"_links":{"self":[{"href":"https:\/\/themeravigliamagazine.com\/fr\/wp-json\/wp\/v2\/pages\/28462","targetHints":{"allow":["GET"]}}],"collection":[{"href":"https:\/\/themeravigliamagazine.com\/fr\/wp-json\/wp\/v2\/pages"}],"about":[{"href":"https:\/\/themeravigliamagazine.com\/fr\/wp-json\/wp\/v2\/types\/page"}],"author":[{"embeddable":true,"href":"https:\/\/themeravigliamagazine.com\/fr\/wp-json\/wp\/v2\/users\/4"}],"replies":[{"embeddable":true,"href":"https:\/\/themeravigliamagazine.com\/fr\/wp-json\/wp\/v2\/comments?post=28462"}],"version-history":[{"count":6,"href":"https:\/\/themeravigliamagazine.com\/fr\/wp-json\/wp\/v2\/pages\/28462\/revisions"}],"predecessor-version":[{"id":31769,"href":"https:\/\/themeravigliamagazine.com\/fr\/wp-json\/wp\/v2\/pages\/28462\/revisions\/31769"}],"wp:attachment":[{"href":"https:\/\/themeravigliamagazine.com\/fr\/wp-json\/wp\/v2\/media?parent=28462"}],"curies":[{"name":"wp","href":"https:\/\/api.w.org\/{rel}","templated":true}]}}